{"id":412,"date":"2016-03-02T00:34:37","date_gmt":"2016-03-01T22:34:37","guid":{"rendered":"http:\/\/www.scfabian.de\/gletscherfleh\/wordpress\/?page_id=412"},"modified":"2019-05-10T17:14:38","modified_gmt":"2019-05-10T15:14:38","slug":"vorstandschaft","status":"publish","type":"page","link":"http:\/\/www.scfabian.de\/gletscherfleh\/wordpress\/?page_id=412","title":{"rendered":"Vorstandschaft"},"content":{"rendered":"<p>Das <strong>aktuelle Vorstandsteam<\/strong> lt. Generalversammlung vom 29.03.2019 besteht aus:<\/p>\n<ul>\n<li>1. Vorstand: Ralf Remmel<\/li>\n<li>2. Vorstand: Johannes Deicke<\/li>\n<li>Rechner\/in: Birgit Zimper<\/li>\n<li>Schriftf\u00fchrer: Fabian Sch\u00e4fer<\/li>\n<li>Beisitzer: Simon W\u00e4ldin, Theresa Ga\u00df<\/li>\n<\/ul>\n<figure id=\"attachment_567\" aria-describedby=\"caption-attachment-567\" style=\"width: 500px\" class=\"wp-caption alignnone\"><img loading=\"lazy\" class=\"wp-image-567\" src=\"http:\/\/www.scfabian.de\/gletscherfleh\/wordpress\/wp-content\/uploads\/2016\/03\/Vorstandschaft_Gletscherfleh_2017-1024x768.jpg\" alt=\"\" width=\"500\" height=\"375\" srcset=\"http:\/\/www.scfabian.de\/gletscherfleh\/wordpress\/wp-content\/uploads\/2016\/03\/Vorstandschaft_Gletscherfleh_2017-1024x768.jpg 1024w, http:\/\/www.scfabian.de\/gletscherfleh\/wordpress\/wp-content\/uploads\/2016\/03\/Vorstandschaft_Gletscherfleh_2017-300x225.jpg 300w, http:\/\/www.scfabian.de\/gletscherfleh\/wordpress\/wp-content\/uploads\/2016\/03\/Vorstandschaft_Gletscherfleh_2017-768x576.jpg 768w, http:\/\/www.scfabian.de\/gletscherfleh\/wordpress\/wp-content\/uploads\/2016\/03\/Vorstandschaft_Gletscherfleh_2017.jpg 1280w\" sizes=\"(max-width: 500px) 100vw, 500px\" \/><figcaption id=\"caption-attachment-567\" class=\"wp-caption-text\"><strong>GLETSCHERFLEH VORSTANDSCHAFT bis 2017<\/strong> <br \/>(v.l.n.r.) Johannes Deicke, Fabian Sch\u00e4fer, Frank Armbruster, Birgit Zimper, Simon W\u00e4ldin, Ralf Remmel, J\u00fcrgen Mussler (ausgeschieden).<\/figcaption><\/figure>\n<p><strong>Kontakt<\/strong><\/p>\n<ul>\n<li>per Mail an: info@gletscherfleh.de<\/li>\n<li>per Post an: Postfach 11 24, 77747 Hohberg<\/li>\n<\/ul>\n","protected":false},"excerpt":{"rendered":"<p>Das aktuelle Vorstandsteam lt. Generalversammlung vom 29.03.2019 besteht aus: 1. Vorstand: Ralf Remmel 2. Vorstand: Johannes Deicke Rechner\/in: Birgit Zimper Schriftf\u00fchrer: Fabian Sch\u00e4fer Beisitzer: Simon W\u00e4ldin, Theresa Ga\u00df Kontakt per Mail an: info@gletscherfleh.de per Post an: Postfach 11 24, 77747 Hohberg<\/p>\n","protected":false},"author":1,"featured_media":0,"parent":0,"menu_order":0,"comment_status":"closed","ping_status":"closed","template":"","meta":[],"_links":{"self":[{"href":"http:\/\/www.scfabian.de\/gletscherfleh\/wordpress\/index.php?rest_route=\/wp\/v2\/pages\/412"}],"collection":[{"href":"http:\/\/www.scfabian.de\/gletscherfleh\/wordpress\/index.php?rest_route=\/wp\/v2\/pages"}],"about":[{"href":"http:\/\/www.scfabian.de\/gletscherfleh\/wordpress\/index.php?rest_route=\/wp\/v2\/types\/page"}],"author":[{"embeddable":true,"href":"http:\/\/www.scfabian.de\/gletscherfleh\/wordpress\/index.php?rest_route=\/wp\/v2\/users\/1"}],"replies":[{"embeddable":true,"href":"http:\/\/www.scfabian.de\/gletscherfleh\/wordpress\/index.php?rest_route=%2Fwp%2Fv2%2Fcomments&post=412"}],"version-history":[{"count":9,"href":"http:\/\/www.scfabian.de\/gletscherfleh\/wordpress\/index.php?rest_route=\/wp\/v2\/pages\/412\/revisions"}],"predecessor-version":[{"id":712,"href":"http:\/\/www.scfabian.de\/gletscherfleh\/wordpress\/index.php?rest_route=\/wp\/v2\/pages\/412\/revisions\/712"}],"wp:attachment":[{"href":"http:\/\/www.scfabian.de\/gletscherfleh\/wordpress\/index.php?rest_route=%2Fwp%2Fv2%2Fmedia&parent=412"}],"curies":[{"name":"wp","href":"https:\/\/api.w.org\/{rel}","templated":true}]}}