{"id":21,"date":"2013-09-11T21:35:11","date_gmt":"2013-09-11T19:35:11","guid":{"rendered":"http:\/\/scfabian.de\/gletscherfleh\/wordpress\/?page_id=21"},"modified":"2018-02-28T16:13:13","modified_gmt":"2018-02-28T14:13:13","slug":"galerie","status":"publish","type":"page","link":"http:\/\/www.scfabian.de\/gletscherfleh\/wordpress\/?page_id=21","title":{"rendered":"Galerie"},"content":{"rendered":"<table class=\" aligncenter\" style=\"height: 644px;\" width=\"448\">\n<tbody>\n<tr>\n<td style=\"vertical-align: middle;\">2017<\/td>\n<td>\n<ul>\n<li><a href=\"http:\/\/www.scfabian.de\/gletscherfleh\/wordpress\/?page_id=584\">1. Gletscherfeschd<\/a><\/li>\n<\/ul>\n<\/td>\n<\/tr>\n<tr>\n<td style=\"vertical-align: middle;\">2016<\/td>\n<td>\n<ul>\n<li><strong><a href=\"http:\/\/www.scfabian.de\/gletscherfleh\/wordpress\/?page_id=408\">Video R\u00fcckblick Kampagne 2015\/2016 <\/a><\/strong><\/li>\n<li><a href=\"http:\/\/www.scfabian.de\/gletscherfleh\/wordpress\/?page_id=326\">Hexenball Kinzigtalhexen Elgersweier<\/a><\/li>\n<li><a href=\"http:\/\/www.scfabian.de\/gletscherfleh\/wordpress\/?page_id=358\">Jubil\u00e4umsumzug Sch\u00e4rmies Mietersheim<\/a><\/li>\n<li><a href=\"http:\/\/www.scfabian.de\/gletscherfleh\/wordpress\/?page_id=371\">Schmutziger Hemdglunker<\/a><\/li>\n<li><a href=\"http:\/\/www.scfabian.de\/gletscherfleh\/wordpress\/?page_id=377\">Fasentsamstagumzug Bad Krozingen<\/a><\/li>\n<li><a href=\"http:\/\/www.scfabian.de\/gletscherfleh\/wordpress\/?page_id=387\">Fasentsonntag Hofier<\/a><\/li>\n<li><a href=\"http:\/\/www.scfabian.de\/gletscherfleh\/wordpress\/?page_id=397\">Fasentdienstag &#8211; Fasentverbrennung<\/a><\/li>\n<\/ul>\n<\/td>\n<\/tr>\n<tr>\n<td style=\"vertical-align: middle;\">2015<\/td>\n<td>\n<ul>\n<li><strong><a href=\"http:\/\/www.scfabian.de\/gletscherfleh\/wordpress\/?page_id=404\">Video R\u00fcckblick Kampagne 2014\/2015 <\/a><\/strong><\/li>\n<li><a href=\"http:\/\/www.scfabian.de\/gletscherfleh\/wordpress\/?page_id=275\">Plumberball Surmilchplumber Dungene<\/a><\/li>\n<li><a href=\"http:\/\/www.scfabian.de\/gletscherfleh\/wordpress\/?page_id=257\">Umzug Sch\u00f6llbronn<\/a><\/li>\n<\/ul>\n<\/td>\n<\/tr>\n<tr>\n<td style=\"vertical-align: middle;\">2014<\/td>\n<td>\n<ul>\n<li><a href=\"http:\/\/www.scfabian.de\/gletscherfleh\/wordpress\/?page_id=180\">Nachtumzug Mundinger Kruttsk\u00f6pf<\/a><\/li>\n<li><a href=\"http:\/\/www.scfabian.de\/gletscherfleh\/wordpress\/?page_id=193\">Wilde Nacht Schlo\u00dfb\u00fchlj\u00e4ger Sulz<\/a><\/li>\n<li><a href=\"http:\/\/www.scfabian.de\/gletscherfleh\/wordpress\/?page_id=204\">Jubil\u00e4umsumzug Schorli Waggis Hohberg<\/a><\/li>\n<li><a href=\"http:\/\/www.scfabian.de\/gletscherfleh\/wordpress\/?page_id=221\">Schmutziger Hemdglunker Hofier<\/a><\/li>\n<li><a href=\"http:\/\/www.scfabian.de\/gletscherfleh\/wordpress\/?page_id=240\">Umzug Sch\u00f6llbronn<\/a><\/li>\n<\/ul>\n<\/td>\n<\/tr>\n<tr>\n<td style=\"vertical-align: middle;\">2013<\/td>\n<td>\n<ul>\n<li><a href=\"http:\/\/www.scfabian.de\/gletscherfleh\/wordpress\/?page_id=166\"> Fasenter\u00f6ffnung Schelle Hexe Hofier<\/a><\/li>\n<li><a href=\"http:\/\/www.scfabian.de\/gletscherfleh\/wordpress\/?page_id=297\">Narrentreffen NZ M\u00fchlenbach<\/a><\/li>\n<\/ul>\n<\/td>\n<\/tr>\n<tr>\n<td style=\"vertical-align: middle;\">2011<\/td>\n<td>\n<ul>\n<li><a href=\"http:\/\/www.scfabian.de\/gletscherfleh\/wordpress\/?page_id=163\">N\u00e4rrischer Abend Friesenheim<\/a><\/li>\n<\/ul>\n<\/td>\n<\/tr>\n<\/tbody>\n<\/table>\n<p>&nbsp;<\/p>\n","protected":false},"excerpt":{"rendered":"<p>2017 1. Gletscherfeschd 2016 Video R\u00fcckblick Kampagne 2015\/2016 Hexenball Kinzigtalhexen Elgersweier Jubil\u00e4umsumzug Sch\u00e4rmies Mietersheim Schmutziger Hemdglunker Fasentsamstagumzug Bad Krozingen Fasentsonntag Hofier Fasentdienstag &#8211; Fasentverbrennung 2015 Video R\u00fcckblick Kampagne 2014\/2015 Plumberball Surmilchplumber Dungene Umzug Sch\u00f6llbronn 2014 Nachtumzug Mundinger Kruttsk\u00f6pf Wilde Nacht Schlo\u00dfb\u00fchlj\u00e4ger Sulz Jubil\u00e4umsumzug Schorli Waggis Hohberg Schmutziger Hemdglunker Hofier Umzug Sch\u00f6llbronn 2013 Fasenter\u00f6ffnung Schelle Hexe <a class=\"read-more\" href=\"http:\/\/www.scfabian.de\/gletscherfleh\/wordpress\/?page_id=21\">READ MORE<\/a><\/p>\n","protected":false},"author":1,"featured_media":0,"parent":0,"menu_order":0,"comment_status":"closed","ping_status":"closed","template":"","meta":[],"_links":{"self":[{"href":"http:\/\/www.scfabian.de\/gletscherfleh\/wordpress\/index.php?rest_route=\/wp\/v2\/pages\/21"}],"collection":[{"href":"http:\/\/www.scfabian.de\/gletscherfleh\/wordpress\/index.php?rest_route=\/wp\/v2\/pages"}],"about":[{"href":"http:\/\/www.scfabian.de\/gletscherfleh\/wordpress\/index.php?rest_route=\/wp\/v2\/types\/page"}],"author":[{"embeddable":true,"href":"http:\/\/www.scfabian.de\/gletscherfleh\/wordpress\/index.php?rest_route=\/wp\/v2\/users\/1"}],"replies":[{"embeddable":true,"href":"http:\/\/www.scfabian.de\/gletscherfleh\/wordpress\/index.php?rest_route=%2Fwp%2Fv2%2Fcomments&post=21"}],"version-history":[{"count":33,"href":"http:\/\/www.scfabian.de\/gletscherfleh\/wordpress\/index.php?rest_route=\/wp\/v2\/pages\/21\/revisions"}],"predecessor-version":[{"id":682,"href":"http:\/\/www.scfabian.de\/gletscherfleh\/wordpress\/index.php?rest_route=\/wp\/v2\/pages\/21\/revisions\/682"}],"wp:attachment":[{"href":"http:\/\/www.scfabian.de\/gletscherfleh\/wordpress\/index.php?rest_route=%2Fwp%2Fv2%2Fmedia&parent=21"}],"curies":[{"name":"wp","href":"https:\/\/api.w.org\/{rel}","templated":true}]}}