{"id":193,"date":"2015-11-14T16:52:51","date_gmt":"2015-11-14T14:52:51","guid":{"rendered":"http:\/\/www.scfabian.de\/gletscherfleh\/wordpress\/?page_id=193"},"modified":"2015-11-14T16:52:51","modified_gmt":"2015-11-14T14:52:51","slug":"wilde-nacht-schlossbuehljaeger-sulz-2014","status":"publish","type":"page","link":"http:\/\/www.scfabian.de\/gletscherfleh\/wordpress\/?page_id=193","title":{"rendered":"Wilde Nacht Schlo\u00dfb\u00fchlj\u00e4ger Sulz 2014"},"content":{"rendered":"<div id='gallery-1' class='gallery galleryid-193 gallery-columns-3 gallery-size-thumbnail'><figure class='gallery-item'>\n\t\t\t<div class='gallery-icon landscape'>\n\t\t\t\t<a href='http:\/\/www.scfabian.de\/gletscherfleh\/wordpress\/?attachment_id=194'><img width=\"150\" height=\"150\" src=\"http:\/\/www.scfabian.de\/gletscherfleh\/wordpress\/wp-content\/uploads\/2015\/11\/IMAG1117_BURST002_COVER-150x150.jpg\" class=\"attachment-thumbnail size-thumbnail\" alt=\"Wilde Nacht Schlo\u00dfb\u00fchlj\u00e4ger Sulz 2014\" loading=\"lazy\" aria-describedby=\"gallery-1-194\" \/><\/a>\n\t\t\t<\/div>\n\t\t\t\t<figcaption class='wp-caption-text gallery-caption' id='gallery-1-194'>\n\t\t\t\tWilde Nacht Schlo\u00dfb\u00fchlj\u00e4ger Sulz 2014\n\t\t\t\t<\/figcaption><\/figure><figure class='gallery-item'>\n\t\t\t<div class='gallery-icon landscape'>\n\t\t\t\t<a href='http:\/\/www.scfabian.de\/gletscherfleh\/wordpress\/?attachment_id=195'><img width=\"150\" height=\"150\" src=\"http:\/\/www.scfabian.de\/gletscherfleh\/wordpress\/wp-content\/uploads\/2015\/11\/IMAG1129-150x150.jpg\" class=\"attachment-thumbnail size-thumbnail\" alt=\"Wilde Nacht Schlo\u00dfb\u00fchlj\u00e4ger Sulz 2014\" loading=\"lazy\" aria-describedby=\"gallery-1-195\" \/><\/a>\n\t\t\t<\/div>\n\t\t\t\t<figcaption class='wp-caption-text gallery-caption' id='gallery-1-195'>\n\t\t\t\tWilde Nacht Schlo\u00dfb\u00fchlj\u00e4ger Sulz 2014\n\t\t\t\t<\/figcaption><\/figure><figure class='gallery-item'>\n\t\t\t<div class='gallery-icon landscape'>\n\t\t\t\t<a href='http:\/\/www.scfabian.de\/gletscherfleh\/wordpress\/?attachment_id=196'><img width=\"150\" height=\"150\" src=\"http:\/\/www.scfabian.de\/gletscherfleh\/wordpress\/wp-content\/uploads\/2015\/11\/IMAG1106-150x150.jpg\" class=\"attachment-thumbnail size-thumbnail\" alt=\"Wilde Nacht Schlo\u00dfb\u00fchlj\u00e4ger Sulz 2014\" loading=\"lazy\" aria-describedby=\"gallery-1-196\" \/><\/a>\n\t\t\t<\/div>\n\t\t\t\t<figcaption class='wp-caption-text gallery-caption' id='gallery-1-196'>\n\t\t\t\tWilde Nacht Schlo\u00dfb\u00fchlj\u00e4ger Sulz 2014\n\t\t\t\t<\/figcaption><\/figure><figure class='gallery-item'>\n\t\t\t<div class='gallery-icon landscape'>\n\t\t\t\t<a href='http:\/\/www.scfabian.de\/gletscherfleh\/wordpress\/?attachment_id=197'><img width=\"150\" height=\"150\" src=\"http:\/\/www.scfabian.de\/gletscherfleh\/wordpress\/wp-content\/uploads\/2015\/11\/IMAG1107-150x150.jpg\" class=\"attachment-thumbnail size-thumbnail\" alt=\"Wilde Nacht Schlo\u00dfb\u00fchlj\u00e4ger Sulz 2014\" loading=\"lazy\" aria-describedby=\"gallery-1-197\" \/><\/a>\n\t\t\t<\/div>\n\t\t\t\t<figcaption class='wp-caption-text gallery-caption' id='gallery-1-197'>\n\t\t\t\tWilde Nacht Schlo\u00dfb\u00fchlj\u00e4ger Sulz 2014\n\t\t\t\t<\/figcaption><\/figure><figure class='gallery-item'>\n\t\t\t<div class='gallery-icon landscape'>\n\t\t\t\t<a href='http:\/\/www.scfabian.de\/gletscherfleh\/wordpress\/?attachment_id=198'><img width=\"150\" height=\"150\" src=\"http:\/\/www.scfabian.de\/gletscherfleh\/wordpress\/wp-content\/uploads\/2015\/11\/IMAG1114_BURST005-150x150.jpg\" class=\"attachment-thumbnail size-thumbnail\" alt=\"Wilde Nacht Schlo\u00dfb\u00fchlj\u00e4ger Sulz 2014\" loading=\"lazy\" aria-describedby=\"gallery-1-198\" \/><\/a>\n\t\t\t<\/div>\n\t\t\t\t<figcaption class='wp-caption-text gallery-caption' id='gallery-1-198'>\n\t\t\t\tWilde Nacht Schlo\u00dfb\u00fchlj\u00e4ger Sulz 2014\n\t\t\t\t<\/figcaption><\/figure><figure class='gallery-item'>\n\t\t\t<div class='gallery-icon landscape'>\n\t\t\t\t<a href='http:\/\/www.scfabian.de\/gletscherfleh\/wordpress\/?attachment_id=199'><img width=\"150\" height=\"150\" src=\"http:\/\/www.scfabian.de\/gletscherfleh\/wordpress\/wp-content\/uploads\/2015\/11\/IMAG1115-150x150.jpg\" class=\"attachment-thumbnail size-thumbnail\" alt=\"Wilde Nacht Schlo\u00dfb\u00fchlj\u00e4ger Sulz 2014\" loading=\"lazy\" aria-describedby=\"gallery-1-199\" \/><\/a>\n\t\t\t<\/div>\n\t\t\t\t<figcaption class='wp-caption-text gallery-caption' id='gallery-1-199'>\n\t\t\t\tWilde Nacht Schlo\u00dfb\u00fchlj\u00e4ger Sulz 2014\n\t\t\t\t<\/figcaption><\/figure><figure class='gallery-item'>\n\t\t\t<div class='gallery-icon landscape'>\n\t\t\t\t<a href='http:\/\/www.scfabian.de\/gletscherfleh\/wordpress\/?attachment_id=200'><img width=\"150\" height=\"150\" src=\"http:\/\/www.scfabian.de\/gletscherfleh\/wordpress\/wp-content\/uploads\/2015\/11\/IMAG1116_BURST012-150x150.jpg\" class=\"attachment-thumbnail size-thumbnail\" alt=\"Wilde Nacht Schlo\u00dfb\u00fchlj\u00e4ger Sulz 2014\" loading=\"lazy\" aria-describedby=\"gallery-1-200\" \/><\/a>\n\t\t\t<\/div>\n\t\t\t\t<figcaption class='wp-caption-text gallery-caption' id='gallery-1-200'>\n\t\t\t\tWilde Nacht Schlo\u00dfb\u00fchlj\u00e4ger Sulz 2014\n\t\t\t\t<\/figcaption><\/figure>\n\t\t<\/div>\n\n","protected":false},"excerpt":{"rendered":"","protected":false},"author":1,"featured_media":0,"parent":0,"menu_order":0,"comment_status":"closed","ping_status":"closed","template":"","meta":[],"_links":{"self":[{"href":"http:\/\/www.scfabian.de\/gletscherfleh\/wordpress\/index.php?rest_route=\/wp\/v2\/pages\/193"}],"collection":[{"href":"http:\/\/www.scfabian.de\/gletscherfleh\/wordpress\/index.php?rest_route=\/wp\/v2\/pages"}],"about":[{"href":"http:\/\/www.scfabian.de\/gletscherfleh\/wordpress\/index.php?rest_route=\/wp\/v2\/types\/page"}],"author":[{"embeddable":true,"href":"http:\/\/www.scfabian.de\/gletscherfleh\/wordpress\/index.php?rest_route=\/wp\/v2\/users\/1"}],"replies":[{"embeddable":true,"href":"http:\/\/www.scfabian.de\/gletscherfleh\/wordpress\/index.php?rest_route=%2Fwp%2Fv2%2Fcomments&post=193"}],"version-history":[{"count":1,"href":"http:\/\/www.scfabian.de\/gletscherfleh\/wordpress\/index.php?rest_route=\/wp\/v2\/pages\/193\/revisions"}],"predecessor-version":[{"id":201,"href":"http:\/\/www.scfabian.de\/gletscherfleh\/wordpress\/index.php?rest_route=\/wp\/v2\/pages\/193\/revisions\/201"}],"wp:attachment":[{"href":"http:\/\/www.scfabian.de\/gletscherfleh\/wordpress\/index.php?rest_route=%2Fwp%2Fv2%2Fmedia&parent=193"}],"curies":[{"name":"wp","href":"https:\/\/api.w.org\/{rel}","templated":true}]}}