{"id":17,"date":"2013-09-11T21:33:30","date_gmt":"2013-09-11T19:33:30","guid":{"rendered":"http:\/\/scfabian.de\/gletscherfleh\/wordpress\/?page_id=17"},"modified":"2019-11-04T10:52:54","modified_gmt":"2019-11-04T08:52:54","slug":"termine","status":"publish","type":"page","link":"http:\/\/www.scfabian.de\/gletscherfleh\/wordpress\/?page_id=17","title":{"rendered":"Termine"},"content":{"rendered":"<h3>Unsere aktuellen Termine<\/h3>\n<table style=\"width: 81.7774%; height: 1005px;\">\n<tbody>\n<tr style=\"height: 66px;\">\n<td style=\"vertical-align: middle; width: 15.1408%; height: 66px;\">\n<h4><strong>Datum<\/strong><\/h4>\n<\/td>\n<td style=\"vertical-align: middle; width: 39.9648%; height: 66px;\">\n<h4><strong>Was<\/strong><\/h4>\n<\/td>\n<td style=\"vertical-align: middle; width: 26.6724%; height: 66px;\">\n<h4><strong>Wo \/ Wer<br \/>\n<\/strong><\/h4>\n<\/td>\n<\/tr>\n<tr style=\"height: 48px;\">\n<td style=\"vertical-align: middle; width: 15.1408%; height: 48px;\">Samstag<br \/>\n09.11.2019<\/td>\n<td style=\"vertical-align: middle; width: 39.9648%; height: 48px;\">Fasenter\u00f6ffnung Gro\u00df Hohberg<\/td>\n<td style=\"vertical-align: middle; width: 26.6724%; height: 48px;\">Mehrzweckhalle Hofweier<\/td>\n<\/tr>\n<tr style=\"height: 24px;\">\n<td style=\"vertical-align: middle; width: 15.1408%; height: 24px; background-color: #35d4f0;\">Freitag<br \/>\n15.11.2019<\/td>\n<td style=\"vertical-align: middle; width: 39.9648%; height: 24px; background-color: #35d4f0;\">Fasenter\u00f6ffnung<\/td>\n<td style=\"vertical-align: middle; width: 26.6724%; height: 24px; background-color: #35d4f0;\">NZ Schelle Hexe Hofier<\/td>\n<\/tr>\n<tr style=\"height: 24px;\">\n<td style=\"width: 15.1408%; vertical-align: middle; height: 24px;\"><\/td>\n<td style=\"width: 39.9648%; vertical-align: middle; height: 24px;\"><\/td>\n<td style=\"width: 26.6724%; vertical-align: middle; height: 24px;\"><\/td>\n<\/tr>\n<tr style=\"height: 45px;\">\n<td style=\"width: 15.1408%; vertical-align: middle; height: 45px;\">Samstag<br \/>\n11.01.2020<\/td>\n<td style=\"width: 39.9648%; vertical-align: middle; height: 45px;\">Nacht der Zwerge<\/td>\n<td style=\"width: 26.6724%; vertical-align: middle; height: 45px;\">Giftzwerge Fischerbach<\/td>\n<\/tr>\n<tr style=\"height: 45px;\">\n<td style=\"width: 15.1408%; vertical-align: middle; background-color: #35d4f0; height: 45px;\">Samstag<br \/>\n18.01.2020<\/td>\n<td style=\"width: 39.9648%; vertical-align: middle; background-color: #35d4f0; height: 45px;\">Jubil\u00e4umsh\u00e4str\u00e4gertreffen<\/td>\n<td style=\"width: 26.6724%; vertical-align: middle; background-color: #35d4f0; height: 45px;\">NZ Pflumedrucker Schutterwald<\/td>\n<\/tr>\n<tr style=\"height: 45px;\">\n<td style=\"width: 15.1408%; vertical-align: middle; height: 45px;\">Samstag<br \/>\n25.01.2020<\/td>\n<td style=\"width: 39.9648%; vertical-align: middle; height: 45px;\">Jubil\u00e4ums Narrenparty.<br \/>\n55 Jahre<\/td>\n<td style=\"width: 26.6724%; vertical-align: middle; height: 45px;\">Dingeli Sp\u00e4ttle Ortenberg<\/td>\n<\/tr>\n<tr style=\"height: 45px;\">\n<td style=\"width: 15.1408%; vertical-align: middle; background-color: #35d4f0; height: 45px;\">Sonntag<br \/>\n26.01.2020<\/td>\n<td style=\"width: 39.9648%; vertical-align: middle; background-color: #35d4f0; height: 45px;\">Jubil\u00e4umsumzug<\/td>\n<td style=\"width: 26.6724%; vertical-align: middle; background-color: #35d4f0; height: 45px;\">Kinzigtalhexen, Offenburg-Elgersweier<\/td>\n<\/tr>\n<tr style=\"height: 46px;\">\n<td style=\"width: 15.1408%; vertical-align: middle; height: 46px;\">Samstag<br \/>\n01.02.2020<\/td>\n<td style=\"width: 39.9648%; vertical-align: middle; height: 46px;\">Jubil\u00e4ums<br \/>\nRumble-Bumble-Nacht<\/td>\n<td style=\"width: 26.6724%; vertical-align: middle; height: 46px;\">NZ Krabbenaze Bohlsbach<\/td>\n<\/tr>\n<tr style=\"height: 45px;\">\n<td style=\"width: 15.1408%; vertical-align: middle; background-color: #35d4f0; height: 45px;\">Sonntag<br \/>\n02.02.2020<\/td>\n<td style=\"width: 39.9648%; vertical-align: middle; background-color: #35d4f0; height: 45px;\">Jubil\u00e4umsumzug<\/td>\n<td style=\"width: 26.6724%; vertical-align: middle; background-color: #35d4f0; height: 45px;\">NZ Krabbenaze Bohlsbach<\/td>\n<\/tr>\n<tr style=\"height: 45px;\">\n<td style=\"width: 15.1408%; vertical-align: middle; height: 45px;\">Samstag<br \/>\n08.02.2020<\/td>\n<td style=\"width: 39.9648%; vertical-align: middle; height: 45px;\">Zunftabend 4&#215;11 Jahre Schr\u00e4cksli<\/td>\n<td style=\"width: 26.6724%; vertical-align: middle; height: 45px;\">Schr\u00e4ckslizunft Diersburg<\/td>\n<\/tr>\n<tr style=\"height: 45px;\">\n<td style=\"width: 15.1408%; vertical-align: middle; background-color: #35d4f0; height: 45px;\">Sonntag<br \/>\n09.02.2020<\/td>\n<td style=\"width: 39.9648%; vertical-align: middle; background-color: #35d4f0; height: 45px;\">Jubil\u00e4umsumzug 4&#215;11 Jahre Schr\u00e4cksli<\/td>\n<td style=\"width: 26.6724%; vertical-align: middle; background-color: #35d4f0; height: 45px;\">Schr\u00e4ckslizunft Diersburg<\/td>\n<\/tr>\n<tr style=\"height: 45px;\">\n<td style=\"width: 15.1408%; vertical-align: middle; height: 45px;\">Freitag<br \/>\n14.02.2020<\/td>\n<td style=\"width: 39.9648%; vertical-align: middle; height: 45px;\">WEBO-Ball der Lebenshilfe Offenburg<\/td>\n<td style=\"width: 26.6724%; vertical-align: middle; height: 45px;\">Mehrzweckhalle Elgersweier<\/td>\n<\/tr>\n<tr style=\"height: 45px;\">\n<td style=\"width: 15.1408%; vertical-align: middle; background-color: #35d4f0; height: 45px;\">Samstag<br \/>\n15.02.2020<\/td>\n<td style=\"width: 39.9648%; vertical-align: middle; background-color: #35d4f0; height: 45px;\">Zunftabend<\/td>\n<td style=\"width: 26.6724%; vertical-align: middle; background-color: #35d4f0; height: 45px;\">NZ Baiabs\u00e4ger Hofier<\/td>\n<\/tr>\n<tr style=\"height: 45px;\">\n<td style=\"width: 15.1408%; vertical-align: middle; height: 45px;\">Sonntag<br \/>\n16.02.2020<\/td>\n<td style=\"width: 39.9648%; vertical-align: middle; height: 45px;\">Umzug<\/td>\n<td style=\"width: 26.6724%; vertical-align: middle; height: 45px;\">Eulenzunft Seelbach<\/td>\n<\/tr>\n<tr style=\"height: 45px;\">\n<td style=\"width: 15.1408%; vertical-align: middle; height: 45px; background-color: #35d4f0;\">Donnerstag<br \/>\n20.02.2020<\/td>\n<td style=\"width: 39.9648%; vertical-align: middle; height: 45px; background-color: #35d4f0;\">Schmutziger &#8222;Hemdglunker&#8220;<\/td>\n<td style=\"width: 26.6724%; height: 45px; background-color: #35d4f0; vertical-align: middle;\">Hofweier<\/td>\n<\/tr>\n<tr style=\"height: 45px;\">\n<td style=\"width: 15.1408%; vertical-align: middle; height: 45px;\">Freitag<br \/>\n21.02.2020<\/td>\n<td style=\"width: 39.9648%; vertical-align: middle; height: 45px;\">Nachtumzug<\/td>\n<td style=\"width: 26.6724%; vertical-align: middle; height: 45px;\">NZ Kruttstumpe Schuttern<\/td>\n<\/tr>\n<tr style=\"height: 45px;\">\n<td style=\"width: 15.1408%; vertical-align: middle; height: 45px; background-color: #35d4f0;\">Samstag<br \/>\n22.02.2020<\/td>\n<td style=\"width: 39.9648%; vertical-align: middle; height: 45px; background-color: #35d4f0;\">Gro\u00dfner Narrenumzug<\/td>\n<td style=\"width: 26.6724%; vertical-align: middle; height: 45px; background-color: #35d4f0;\">Narrenzunft Biberach<\/td>\n<\/tr>\n<tr style=\"height: 45px;\">\n<td style=\"width: 15.1408%; vertical-align: middle; height: 45px;\">Sonntag<br \/>\n23.02.2020<\/td>\n<td style=\"width: 39.9648%; vertical-align: middle; height: 45px;\">Fastnachtssonntag in Hofier<\/td>\n<td style=\"width: 26.6724%; vertical-align: middle; height: 45px;\">Dorfstra\u00dfe Hofier mit Stra\u00dfe gegen\u00fcber der Feuerwehr<\/td>\n<\/tr>\n<tr style=\"height: 45px;\">\n<td style=\"width: 15.1408%; vertical-align: middle; height: 45px; background-color: #35d4f0;\">Montag<br \/>\n24.02.2020<\/td>\n<td style=\"width: 39.9648%; vertical-align: middle; height: 45px; background-color: #35d4f0;\">Rosenmontagsumzug<\/td>\n<td style=\"width: 26.6724%; height: 45px; background-color: #35d4f0; vertical-align: middle;\">Fasentzunft Odne<\/td>\n<\/tr>\n<tr style=\"height: 122px;\">\n<td style=\"width: 15.1408%; vertical-align: middle; height: 122px;\">Dienstag<br \/>\n25.02.2020<\/td>\n<td style=\"width: 39.9648%; vertical-align: middle; height: 122px;\">Kinderfasent Hofier<br \/>\nKinderumzug K\u00fcrzell<br \/>\nFasentbeerdigung Hofier<\/td>\n<td style=\"width: 26.6724%; vertical-align: middle; height: 122px;\">Mehrzwckhalle Hofweier<br \/>\nNZ Ridd&#8217;l Schd\u00e4gge K\u00fcrzell<br \/>\nHinter dem Rathaus Hofweier<\/td>\n<\/tr>\n<\/tbody>\n<\/table>\n<p><a href=\"http:\/\/www.scfabian.de\/gletscherfleh\/wordpress\/wp-content\/uploads\/2019\/11\/termine_gletscherfleh_2020.pdf\" target=\"_blank\" rel=\"noopener noreferrer\">Das ganze gibt es -hier- auch als PDF-Download<\/a><\/p>\n","protected":false},"excerpt":{"rendered":"<p>Unsere aktuellen Termine Datum Was Wo \/ Wer Samstag 09.11.2019 Fasenter\u00f6ffnung Gro\u00df Hohberg Mehrzweckhalle Hofweier Freitag 15.11.2019 Fasenter\u00f6ffnung NZ Schelle Hexe Hofier Samstag 11.01.2020 Nacht der Zwerge Giftzwerge Fischerbach Samstag 18.01.2020 Jubil\u00e4umsh\u00e4str\u00e4gertreffen NZ Pflumedrucker Schutterwald Samstag 25.01.2020 Jubil\u00e4ums Narrenparty. 55 Jahre Dingeli Sp\u00e4ttle Ortenberg Sonntag 26.01.2020 Jubil\u00e4umsumzug Kinzigtalhexen, Offenburg-Elgersweier Samstag 01.02.2020 Jubil\u00e4ums Rumble-Bumble-Nacht NZ Krabbenaze <a class=\"read-more\" href=\"http:\/\/www.scfabian.de\/gletscherfleh\/wordpress\/?page_id=17\">READ MORE<\/a><\/p>\n","protected":false},"author":1,"featured_media":0,"parent":0,"menu_order":0,"comment_status":"closed","ping_status":"closed","template":"","meta":[],"_links":{"self":[{"href":"http:\/\/www.scfabian.de\/gletscherfleh\/wordpress\/index.php?rest_route=\/wp\/v2\/pages\/17"}],"collection":[{"href":"http:\/\/www.scfabian.de\/gletscherfleh\/wordpress\/index.php?rest_route=\/wp\/v2\/pages"}],"about":[{"href":"http:\/\/www.scfabian.de\/gletscherfleh\/wordpress\/index.php?rest_route=\/wp\/v2\/types\/page"}],"author":[{"embeddable":true,"href":"http:\/\/www.scfabian.de\/gletscherfleh\/wordpress\/index.php?rest_route=\/wp\/v2\/users\/1"}],"replies":[{"embeddable":true,"href":"http:\/\/www.scfabian.de\/gletscherfleh\/wordpress\/index.php?rest_route=%2Fwp%2Fv2%2Fcomments&post=17"}],"version-history":[{"count":58,"href":"http:\/\/www.scfabian.de\/gletscherfleh\/wordpress\/index.php?rest_route=\/wp\/v2\/pages\/17\/revisions"}],"predecessor-version":[{"id":732,"href":"http:\/\/www.scfabian.de\/gletscherfleh\/wordpress\/index.php?rest_route=\/wp\/v2\/pages\/17\/revisions\/732"}],"wp:attachment":[{"href":"http:\/\/www.scfabian.de\/gletscherfleh\/wordpress\/index.php?rest_route=%2Fwp%2Fv2%2Fmedia&parent=17"}],"curies":[{"name":"wp","href":"https:\/\/api.w.org\/{rel}","templated":true}]}}